{"id":34428,"date":"2026-04-23T17:01:54","date_gmt":"2026-04-23T20:01:54","guid":{"rendered":"https:\/\/gamestore.com.uy\/store\/?post_type=product&#038;p=34428"},"modified":"2026-04-23T17:01:55","modified_gmt":"2026-04-23T20:01:55","slug":"mini-brands-capsula-sorpresa-fill-the-fridge-comidita-coleccionable","status":"publish","type":"product","link":"https:\/\/gamestore.com.uy\/store\/producto\/mini-brands-capsula-sorpresa-fill-the-fridge-comidita-coleccionable\/","title":{"rendered":"Mini Brands C\u00e1psula Sorpresa Fill the Fridge Comidita Coleccionable"},"content":{"rendered":"<p>LLENA EL REFRIGERADOR: Todos los ingredientes que necesitas para una colecci\u00f3n incre\u00edble, estas miniaturas est\u00e1n dise\u00f1adas para encajar perfectamente en el juego de juego Llena el Refrigerador de Mini Brands, permiti\u00e9ndote crear la configuraci\u00f3n de cocina definitiva<\/p>\n","protected":false},"excerpt":{"rendered":"<p>LLENA EL REFRIGERADOR: Todos los ingredientes que necesitas para una colecci\u00f3n incre\u00edble, estas miniaturas est\u00e1n dise\u00f1adas para encajar perfectamente en el juego de juego Llena el Refrigerador de Mini Brands, permiti\u00e9ndote crear la configuraci\u00f3n de cocina definitiva<\/p>\n","protected":false},"featured_media":34429,"template":"","meta":[],"pwb-brand":[2076,2075],"product_brand":[],"product_cat":[274,136,280,131,359],"product_tag":[1154,1518,920,231,538,891,692,452,890,671,721],"class_list":{"0":"post-34428","1":"product","2":"type-product","3":"status-publish","4":"has-post-thumbnail","6":"pwb-brand-mini-brands","7":"pwb-brand-zuru","8":"product_cat-accesorios","9":"product_cat-coleccionables","10":"product_cat-escenarios","11":"product_cat-juguetes","12":"product_cat-oficios","13":"product_tag-bola","14":"product_tag-capsula","15":"product_tag-coleccion","16":"product_tag-coleccionable","17":"product_tag-comidita","18":"product_tag-heladera","19":"product_tag-huevo","20":"product_tag-mini","21":"product_tag-refrigerador","22":"product_tag-sorpresa","23":"product_tag-zuru","25":"first","26":"instock","27":"shipping-taxable","28":"purchasable","29":"product-type-simple"},"brands":[{"id":2076,"name":"MINI BRANDS","slug":"mini-brands"},{"id":2075,"name":"ZURU","slug":"zuru"}],"_links":{"self":[{"href":"https:\/\/gamestore.com.uy\/store\/wp-json\/wp\/v2\/product\/34428","targetHints":{"allow":["GET"]}}],"collection":[{"href":"https:\/\/gamestore.com.uy\/store\/wp-json\/wp\/v2\/product"}],"about":[{"href":"https:\/\/gamestore.com.uy\/store\/wp-json\/wp\/v2\/types\/product"}],"version-history":[{"count":1,"href":"https:\/\/gamestore.com.uy\/store\/wp-json\/wp\/v2\/product\/34428\/revisions"}],"predecessor-version":[{"id":34434,"href":"https:\/\/gamestore.com.uy\/store\/wp-json\/wp\/v2\/product\/34428\/revisions\/34434"}],"wp:featuredmedia":[{"embeddable":true,"href":"https:\/\/gamestore.com.uy\/store\/wp-json\/wp\/v2\/media\/34429"}],"wp:attachment":[{"href":"https:\/\/gamestore.com.uy\/store\/wp-json\/wp\/v2\/media?parent=34428"}],"wp:term":[{"taxonomy":"pwb-brand","embeddable":true,"href":"https:\/\/gamestore.com.uy\/store\/wp-json\/wp\/v2\/pwb-brand?post=34428"},{"taxonomy":"product_brand","embeddable":true,"href":"https:\/\/gamestore.com.uy\/store\/wp-json\/wp\/v2\/product_brand?post=34428"},{"taxonomy":"product_cat","embeddable":true,"href":"https:\/\/gamestore.com.uy\/store\/wp-json\/wp\/v2\/product_cat?post=34428"},{"taxonomy":"product_tag","embeddable":true,"href":"https:\/\/gamestore.com.uy\/store\/wp-json\/wp\/v2\/product_tag?post=34428"}],"curies":[{"name":"wp","href":"https:\/\/api.w.org\/{rel}","templated":true}]}}