{"id":34435,"date":"2026-04-23T17:11:03","date_gmt":"2026-04-23T20:11:03","guid":{"rendered":"https:\/\/gamestore.com.uy\/store\/?post_type=product&#038;p=34435"},"modified":"2026-04-23T17:11:52","modified_gmt":"2026-04-23T20:11:52","slug":"mini-brands-heladera-playset-fill-the-fridge","status":"publish","type":"product","link":"https:\/\/gamestore.com.uy\/store\/producto\/mini-brands-heladera-playset-fill-the-fridge\/","title":{"rendered":"Mini Brands Heladera Playset Fill the Fridge"},"content":{"rendered":"<p>Prep\u00e1rate para sumergirte en un mundo de diversi\u00f3n en miniatura con este encantador set de juego Mini Brands, perfecto para peque\u00f1os chefs y para dar rienda suelta a su imaginaci\u00f3n. Con los exclusivos Create Minis incluidos, tus peque\u00f1os podr\u00e1n llenar la nevera con adorables mini golosinas, despertando su creatividad y provocando risas sin fin.<\/p>\n<p>Una colecci\u00f3n \u00fanica para la nevera, con miniaturas, imanes y m\u00e1s! Perfecto para los fan\u00e1ticos de las miniaturas, juguetes mini y juguetes novedosos\u00a0 esta colecci\u00f3n re\u00fane comida mini y juguetes misteriosos para diversi\u00f3n sin fin<\/p>\n","protected":false},"excerpt":{"rendered":"<p>Prep\u00e1rate para sumergirte en un mundo de diversi\u00f3n en miniatura con este encantador set de juego Mini Brands, perfecto para peque\u00f1os chefs y para dar rienda suelta a su imaginaci\u00f3n. Con los exclusivos Create Minis incluidos, tus peque\u00f1os podr\u00e1n llenar la nevera con adorables mini golosinas, despertando su creatividad y provocando risas sin fin. Una [&hellip;]<\/p>\n","protected":false},"featured_media":34436,"template":"","meta":[],"pwb-brand":[2076,2075],"product_brand":[],"product_cat":[274,522,136,280,131,135,359],"product_tag":[1154,2117,1518,538,891,672,452,2116,890,889],"class_list":{"0":"post-34435","1":"product","2":"type-product","3":"status-publish","4":"has-post-thumbnail","6":"pwb-brand-mini-brands","7":"pwb-brand-zuru","8":"product_cat-accesorios","9":"product_cat-banner","10":"product_cat-coleccionables","11":"product_cat-escenarios","12":"product_cat-juguetes","13":"product_cat-muniecos","14":"product_cat-oficios","15":"product_tag-bola","16":"product_tag-bolas","17":"product_tag-capsula","18":"product_tag-comidita","19":"product_tag-heladera","20":"product_tag-huevos","21":"product_tag-mini","22":"product_tag-miniaturas","23":"product_tag-refrigerador","24":"product_tag-sopresa","26":"first","27":"instock","28":"shipping-taxable","29":"purchasable","30":"product-type-simple"},"brands":[{"id":2076,"name":"MINI BRANDS","slug":"mini-brands"},{"id":2075,"name":"ZURU","slug":"zuru"}],"_links":{"self":[{"href":"https:\/\/gamestore.com.uy\/store\/wp-json\/wp\/v2\/product\/34435","targetHints":{"allow":["GET"]}}],"collection":[{"href":"https:\/\/gamestore.com.uy\/store\/wp-json\/wp\/v2\/product"}],"about":[{"href":"https:\/\/gamestore.com.uy\/store\/wp-json\/wp\/v2\/types\/product"}],"version-history":[{"count":1,"href":"https:\/\/gamestore.com.uy\/store\/wp-json\/wp\/v2\/product\/34435\/revisions"}],"predecessor-version":[{"id":34446,"href":"https:\/\/gamestore.com.uy\/store\/wp-json\/wp\/v2\/product\/34435\/revisions\/34446"}],"wp:featuredmedia":[{"embeddable":true,"href":"https:\/\/gamestore.com.uy\/store\/wp-json\/wp\/v2\/media\/34436"}],"wp:attachment":[{"href":"https:\/\/gamestore.com.uy\/store\/wp-json\/wp\/v2\/media?parent=34435"}],"wp:term":[{"taxonomy":"pwb-brand","embeddable":true,"href":"https:\/\/gamestore.com.uy\/store\/wp-json\/wp\/v2\/pwb-brand?post=34435"},{"taxonomy":"product_brand","embeddable":true,"href":"https:\/\/gamestore.com.uy\/store\/wp-json\/wp\/v2\/product_brand?post=34435"},{"taxonomy":"product_cat","embeddable":true,"href":"https:\/\/gamestore.com.uy\/store\/wp-json\/wp\/v2\/product_cat?post=34435"},{"taxonomy":"product_tag","embeddable":true,"href":"https:\/\/gamestore.com.uy\/store\/wp-json\/wp\/v2\/product_tag?post=34435"}],"curies":[{"name":"wp","href":"https:\/\/api.w.org\/{rel}","templated":true}]}}