{"id":7942,"date":"2021-02-28T06:48:22","date_gmt":"2021-02-28T09:48:22","guid":{"rendered":"https:\/\/gamestore.com.uy\/store\/?post_type=product&#038;p=7942"},"modified":"2025-12-19T10:21:06","modified_gmt":"2025-12-19T13:21:06","slug":"la-guardia-del-leon-set-figuras-x-2-articuladas-accion","status":"publish","type":"product","link":"https:\/\/gamestore.com.uy\/store\/producto\/la-guardia-del-leon-set-figuras-x-2-articuladas-accion\/","title":{"rendered":"La Guardia Del Leon Set Figuras X 2 Articuladas Acci\u00f3n"},"content":{"rendered":"<p>LA GUARDIA DEL LEON SET DE BATALLA CON ACCESORIOS<br \/>\nFIGURAS ARTICULADAS X 2 Y ACCESORIOS CON ACCI\u00d3N<br \/>\nDIMENSIONES DE LOS PERSONAJES 12cms APROX. CADA UNO + ACCESORIO CON ACCI\u00d3N<\/p>\n<p>BUNGA- TEJ\u00d3N<\/p>\n","protected":false},"excerpt":{"rendered":"<p>LA GUARDIA DEL LEON SET DE BATALLA CON ACCESORIOS FIGURAS ARTICULADAS X 2 Y ACCESORIOS CON ACCI\u00d3N DIMENSIONES DE LOS PERSONAJES 12cms APROX. CADA UNO + ACCESORIO CON ACCI\u00d3N BUNGA- TEJ\u00d3N<\/p>\n","protected":false},"featured_media":33077,"template":"","meta":[],"pwb-brand":[],"product_brand":[],"product_cat":[280,131,135],"product_tag":[141,262],"class_list":{"0":"post-7942","1":"product","2":"type-product","3":"status-publish","4":"has-post-thumbnail","6":"product_cat-escenarios","7":"product_cat-juguetes","8":"product_cat-muniecos","9":"product_tag-disney","10":"product_tag-la-guardia-del-leon","12":"first","13":"instock","14":"shipping-taxable","15":"purchasable","16":"product-type-simple"},"brands":[],"_links":{"self":[{"href":"https:\/\/gamestore.com.uy\/store\/wp-json\/wp\/v2\/product\/7942","targetHints":{"allow":["GET"]}}],"collection":[{"href":"https:\/\/gamestore.com.uy\/store\/wp-json\/wp\/v2\/product"}],"about":[{"href":"https:\/\/gamestore.com.uy\/store\/wp-json\/wp\/v2\/types\/product"}],"version-history":[{"count":3,"href":"https:\/\/gamestore.com.uy\/store\/wp-json\/wp\/v2\/product\/7942\/revisions"}],"predecessor-version":[{"id":22659,"href":"https:\/\/gamestore.com.uy\/store\/wp-json\/wp\/v2\/product\/7942\/revisions\/22659"}],"wp:featuredmedia":[{"embeddable":true,"href":"https:\/\/gamestore.com.uy\/store\/wp-json\/wp\/v2\/media\/33077"}],"wp:attachment":[{"href":"https:\/\/gamestore.com.uy\/store\/wp-json\/wp\/v2\/media?parent=7942"}],"wp:term":[{"taxonomy":"pwb-brand","embeddable":true,"href":"https:\/\/gamestore.com.uy\/store\/wp-json\/wp\/v2\/pwb-brand?post=7942"},{"taxonomy":"product_brand","embeddable":true,"href":"https:\/\/gamestore.com.uy\/store\/wp-json\/wp\/v2\/product_brand?post=7942"},{"taxonomy":"product_cat","embeddable":true,"href":"https:\/\/gamestore.com.uy\/store\/wp-json\/wp\/v2\/product_cat?post=7942"},{"taxonomy":"product_tag","embeddable":true,"href":"https:\/\/gamestore.com.uy\/store\/wp-json\/wp\/v2\/product_tag?post=7942"}],"curies":[{"name":"wp","href":"https:\/\/api.w.org\/{rel}","templated":true}]}}