{"id":8141,"date":"2021-02-28T18:14:38","date_gmt":"2021-02-28T21:14:38","guid":{"rendered":"https:\/\/gamestore.com.uy\/store\/?post_type=product&#038;p=8141"},"modified":"2022-02-01T18:01:17","modified_gmt":"2022-02-01T21:01:17","slug":"havit-mouse-gaming-gamer-6-botones-luz-negro","status":"publish","type":"product","link":"https:\/\/gamestore.com.uy\/store\/producto\/havit-mouse-gaming-gamer-6-botones-luz-negro\/","title":{"rendered":"Havit Mouse Gaming Gamer 6 Botones Luz Negro"},"content":{"rendered":"<p>El mouse HAVIT HV-MS749 combina un mouse cl\u00e1sico con cable para el uso diario y una funci\u00f3n de juego con una resoluci\u00f3n de sensor \u00f3ptico que var\u00eda entre 800 y 3200 ppp.<\/p>\n<p>Se conecta a una computadora de escritorio o port\u00e1til a trav\u00e9s de USB, sin instalaci\u00f3n de software adicional.<\/p>\n<p>El control se realiza mediante 4 botones y una rueda de desplazamiento.<\/p>\n<p>Las principales caracter\u00edsticas de este modelo de rat\u00f3n de ordenador Havit:<br \/>\nTipo de sensor: \u00f3ptico;<br \/>\nIluminaci\u00f3n de caja de 4 colores;<br \/>\nBot\u00f3n para cambiar los modos de DPI: (800\/1200\/2000\/3200);<br \/>\nN\u00famero de clics: 1 0000 000;<br \/>\nDimensiones compactas: 123x64x39mm.<br \/>\nEl cable del rat\u00f3n est\u00e1 confeccionado en una trenza textil, su longitud es de 1,5 metros.<\/p>\n","protected":false},"excerpt":{"rendered":"<p>El mouse HAVIT HV-MS749 combina un mouse cl\u00e1sico con cable para el uso diario y una funci\u00f3n de juego con una resoluci\u00f3n de sensor \u00f3ptico que var\u00eda entre 800 y 3200 ppp. Se conecta a una computadora de escritorio o port\u00e1til a trav\u00e9s de USB, sin instalaci\u00f3n de software adicional. El control se realiza mediante [&hellip;]<\/p>\n","protected":false},"featured_media":8142,"template":"","meta":[],"pwb-brand":[],"product_brand":[],"product_cat":[144,130,155],"product_tag":[],"class_list":{"0":"post-8141","1":"product","2":"type-product","3":"status-publish","4":"has-post-thumbnail","6":"product_cat-gaming","7":"product_cat-informatica","8":"product_cat-teclado-y-mouse","10":"first","11":"instock","12":"shipping-taxable","13":"purchasable","14":"product-type-simple"},"brands":[],"_links":{"self":[{"href":"https:\/\/gamestore.com.uy\/store\/wp-json\/wp\/v2\/product\/8141","targetHints":{"allow":["GET"]}}],"collection":[{"href":"https:\/\/gamestore.com.uy\/store\/wp-json\/wp\/v2\/product"}],"about":[{"href":"https:\/\/gamestore.com.uy\/store\/wp-json\/wp\/v2\/types\/product"}],"version-history":[{"count":1,"href":"https:\/\/gamestore.com.uy\/store\/wp-json\/wp\/v2\/product\/8141\/revisions"}],"predecessor-version":[{"id":8146,"href":"https:\/\/gamestore.com.uy\/store\/wp-json\/wp\/v2\/product\/8141\/revisions\/8146"}],"wp:featuredmedia":[{"embeddable":true,"href":"https:\/\/gamestore.com.uy\/store\/wp-json\/wp\/v2\/media\/8142"}],"wp:attachment":[{"href":"https:\/\/gamestore.com.uy\/store\/wp-json\/wp\/v2\/media?parent=8141"}],"wp:term":[{"taxonomy":"pwb-brand","embeddable":true,"href":"https:\/\/gamestore.com.uy\/store\/wp-json\/wp\/v2\/pwb-brand?post=8141"},{"taxonomy":"product_brand","embeddable":true,"href":"https:\/\/gamestore.com.uy\/store\/wp-json\/wp\/v2\/product_brand?post=8141"},{"taxonomy":"product_cat","embeddable":true,"href":"https:\/\/gamestore.com.uy\/store\/wp-json\/wp\/v2\/product_cat?post=8141"},{"taxonomy":"product_tag","embeddable":true,"href":"https:\/\/gamestore.com.uy\/store\/wp-json\/wp\/v2\/product_tag?post=8141"}],"curies":[{"name":"wp","href":"https:\/\/api.w.org\/{rel}","templated":true}]}}