{"id":8699,"date":"2021-08-05T22:53:06","date_gmt":"2021-08-06T01:53:06","guid":{"rendered":"https:\/\/gamestore.com.uy\/store\/?post_type=product&#038;p=8699"},"modified":"2024-06-12T19:42:51","modified_gmt":"2024-06-12T22:42:51","slug":"buscando-a-dory-nemo-pulpo-hank-cambia-de-color-sonido-bebes","status":"publish","type":"product","link":"https:\/\/gamestore.com.uy\/store\/producto\/buscando-a-dory-nemo-pulpo-hank-cambia-de-color-sonido-bebes\/","title":{"rendered":"Buscando A Dory Nemo Pulpo Hank Cambia De Color Sonido Bebes"},"content":{"rendered":"<p>Divi\u00e9rtete haciendo cambiar de color a Hank y escuchando sus divertidos sonidos. Col\u00f3calo sobre cualquier superficie de color s\u00f3lido y cambiar\u00e1 de color. Se camuflar\u00e1 a la vista de todos.<br \/>\nMARCA: DISNEY PIXAR<br \/>\nORIGINAL<br \/>\nDIMENSIONES: 22cms<\/p>\n","protected":false},"excerpt":{"rendered":"<p>PULPO Hank, DISNEY PIXAR<br \/>\nORIGINAL<\/p>\n","protected":false},"featured_media":8702,"template":"","meta":[],"pwb-brand":[684],"product_brand":[],"product_cat":[131,134],"product_tag":[435,141,439,440,436,438],"class_list":{"0":"post-8699","1":"product","2":"type-product","3":"status-publish","4":"has-post-thumbnail","6":"pwb-brand-disney","7":"product_cat-juguetes","8":"product_cat-juguetesbb","9":"product_tag-bebe","10":"product_tag-disney","11":"product_tag-dory","12":"product_tag-hank","13":"product_tag-luces","14":"product_tag-pixar","16":"first","17":"instock","18":"shipping-taxable","19":"purchasable","20":"product-type-simple"},"brands":[{"id":684,"name":"DISNEY","slug":"disney"}],"_links":{"self":[{"href":"https:\/\/gamestore.com.uy\/store\/wp-json\/wp\/v2\/product\/8699","targetHints":{"allow":["GET"]}}],"collection":[{"href":"https:\/\/gamestore.com.uy\/store\/wp-json\/wp\/v2\/product"}],"about":[{"href":"https:\/\/gamestore.com.uy\/store\/wp-json\/wp\/v2\/types\/product"}],"version-history":[{"count":1,"href":"https:\/\/gamestore.com.uy\/store\/wp-json\/wp\/v2\/product\/8699\/revisions"}],"predecessor-version":[{"id":8705,"href":"https:\/\/gamestore.com.uy\/store\/wp-json\/wp\/v2\/product\/8699\/revisions\/8705"}],"wp:featuredmedia":[{"embeddable":true,"href":"https:\/\/gamestore.com.uy\/store\/wp-json\/wp\/v2\/media\/8702"}],"wp:attachment":[{"href":"https:\/\/gamestore.com.uy\/store\/wp-json\/wp\/v2\/media?parent=8699"}],"wp:term":[{"taxonomy":"pwb-brand","embeddable":true,"href":"https:\/\/gamestore.com.uy\/store\/wp-json\/wp\/v2\/pwb-brand?post=8699"},{"taxonomy":"product_brand","embeddable":true,"href":"https:\/\/gamestore.com.uy\/store\/wp-json\/wp\/v2\/product_brand?post=8699"},{"taxonomy":"product_cat","embeddable":true,"href":"https:\/\/gamestore.com.uy\/store\/wp-json\/wp\/v2\/product_cat?post=8699"},{"taxonomy":"product_tag","embeddable":true,"href":"https:\/\/gamestore.com.uy\/store\/wp-json\/wp\/v2\/product_tag?post=8699"}],"curies":[{"name":"wp","href":"https:\/\/api.w.org\/{rel}","templated":true}]}}