{"id":8706,"date":"2021-08-05T22:56:25","date_gmt":"2021-08-06T01:56:25","guid":{"rendered":"https:\/\/gamestore.com.uy\/store\/?post_type=product&#038;p=8706"},"modified":"2022-02-01T18:00:27","modified_gmt":"2022-02-01T21:00:27","slug":"fisher-price-llavero-aprende-y-juega-sonidos-luz-bebe-1190-pesos1-190","status":"publish","type":"product","link":"https:\/\/gamestore.com.uy\/store\/producto\/fisher-price-llavero-aprende-y-juega-sonidos-luz-bebe-1190-pesos1-190\/","title":{"rendered":"Fisher Price Llavero Aprende Y Juega Sonidos Luz Beb\u00e9 1190 pesos$1.190"},"content":{"rendered":"<p>Abre un mundo de diversi\u00f3n al aprender, con este set de llaves que dan vida a los colores y a tus canciones favoritas. La llave naranja tiene un auto color azul que gira y hace clic, con una pieza giratoria para mayor diversi\u00f3n. La llave verde tiene unos collares que se deslizan y una casa amarilla con puerta giratoria. Una de las llaves azules tiene un collar con cascabeles que se mueven en su interior, as\u00ed como un bote rojo que se desliza junto con las olas. Las canciones cantadas se relacionan con cada uno de los temas de las llaves. \u00a1Sujeta las llaves en cualquier lugar y lleva la diversi\u00f3n a donde sea!<\/p>\n<p>Haz el aprendizaje m\u00e1s divertido con toda la colecci\u00f3n de juguetes R\u00ede y Aprende\u2122. \u00a1M\u00fasica alegre, canciones populares y montones de actividades para que los ni\u00f1os se diviertan aprendiendo a una temprana edad con experiencias diarias!<\/p>\n<p>\u00a12 modalidades de juego interactivo!<\/p>\n<p>1. Es hora de aprender<br \/>\nCanta 4 canciones para aprender<br \/>\nAprende el A-B-C y el 1-2-3<br \/>\nAprende los colores y los nombres de los objetos<\/p>\n<p>2. Diversi\u00f3n musical<br \/>\n\u00a16 canciones para cantar, adem\u00e1s de divertidos sonidos!<\/p>\n<p>\u00a12 formas de aprender!<\/p>\n<p>1. Conceptos acad\u00e9micos a temprana edad<br \/>\n\u2022 Presenta los colores y las primeras palabras.<br \/>\n\u2022 Ayuda al beb\u00e9 a relacionar los objetos con palabras al interactuar con actividades y escuchar las respuestas.<br \/>\n\u2022 Anima al beb\u00e9 a distinguir entre los objetos y sus sonidos.<\/p>\n<p>2. Experiencias diarias<br \/>\n\u2022 La tem\u00e1tica de las llaves inspira el juego de la simulaci\u00f3n con objetos y sonidos del d\u00eda a d\u00eda.<br \/>\n\u2022 Ampl\u00eda el creciente vocabulario del beb\u00e9 con canciones, colores y nombres de objetos.<\/p>\n","protected":false},"excerpt":{"rendered":"<p>Fisher Price Llavero Aprende Y Juega<\/p>\n","protected":false},"featured_media":8708,"template":"","meta":[],"pwb-brand":[],"product_brand":[],"product_cat":[131,134],"product_tag":[443,435,241,441,436,442],"class_list":{"0":"post-8706","1":"product","2":"type-product","3":"status-publish","4":"has-post-thumbnail","6":"product_cat-juguetes","7":"product_cat-juguetesbb","8":"product_tag-aprendizado","9":"product_tag-bebe","10":"product_tag-juego","11":"product_tag-llavero","12":"product_tag-luces","13":"product_tag-tocar","15":"first","16":"instock","17":"shipping-taxable","18":"purchasable","19":"product-type-simple"},"brands":[],"_links":{"self":[{"href":"https:\/\/gamestore.com.uy\/store\/wp-json\/wp\/v2\/product\/8706","targetHints":{"allow":["GET"]}}],"collection":[{"href":"https:\/\/gamestore.com.uy\/store\/wp-json\/wp\/v2\/product"}],"about":[{"href":"https:\/\/gamestore.com.uy\/store\/wp-json\/wp\/v2\/types\/product"}],"version-history":[{"count":1,"href":"https:\/\/gamestore.com.uy\/store\/wp-json\/wp\/v2\/product\/8706\/revisions"}],"predecessor-version":[{"id":8711,"href":"https:\/\/gamestore.com.uy\/store\/wp-json\/wp\/v2\/product\/8706\/revisions\/8711"}],"wp:featuredmedia":[{"embeddable":true,"href":"https:\/\/gamestore.com.uy\/store\/wp-json\/wp\/v2\/media\/8708"}],"wp:attachment":[{"href":"https:\/\/gamestore.com.uy\/store\/wp-json\/wp\/v2\/media?parent=8706"}],"wp:term":[{"taxonomy":"pwb-brand","embeddable":true,"href":"https:\/\/gamestore.com.uy\/store\/wp-json\/wp\/v2\/pwb-brand?post=8706"},{"taxonomy":"product_brand","embeddable":true,"href":"https:\/\/gamestore.com.uy\/store\/wp-json\/wp\/v2\/product_brand?post=8706"},{"taxonomy":"product_cat","embeddable":true,"href":"https:\/\/gamestore.com.uy\/store\/wp-json\/wp\/v2\/product_cat?post=8706"},{"taxonomy":"product_tag","embeddable":true,"href":"https:\/\/gamestore.com.uy\/store\/wp-json\/wp\/v2\/product_tag?post=8706"}],"curies":[{"name":"wp","href":"https:\/\/api.w.org\/{rel}","templated":true}]}}