{"id":8935,"date":"2021-08-22T21:53:48","date_gmt":"2021-08-23T00:53:48","guid":{"rendered":"https:\/\/gamestore.com.uy\/store\/?post_type=product&#038;p=8935"},"modified":"2022-02-01T18:00:08","modified_gmt":"2022-02-01T21:00:08","slug":"rescue-bots-transformers-mega-mighties-academy-original","status":"publish","type":"product","link":"https:\/\/gamestore.com.uy\/store\/producto\/rescue-bots-transformers-mega-mighties-academy-original\/","title":{"rendered":"Rescue Bots Transformers Mega Mighties Academy Original"},"content":{"rendered":"<p>Playskool Heroes Transformers Rescue Bots &#8211; Academy Mega Mighties<br \/>\n&#8211; Figura de acci\u00f3n de Bumblebee o Hot Shot coleccionable de robot de 25 cm &#8211; juguetes para ni\u00f1os de 3 a\u00f1os en adelante<\/p>\n","protected":false},"excerpt":{"rendered":"<p>Rescue Bots Transformers<\/p>\n","protected":false},"featured_media":8938,"template":"","meta":[],"pwb-brand":[],"product_brand":[],"product_cat":[131,135,266],"product_tag":[],"class_list":{"0":"post-8935","1":"product","2":"type-product","3":"status-publish","4":"has-post-thumbnail","6":"product_cat-juguetes","7":"product_cat-muniecos","8":"product_cat-robots","10":"first","11":"instock","12":"shipping-taxable","13":"purchasable","14":"product-type-simple"},"brands":[],"_links":{"self":[{"href":"https:\/\/gamestore.com.uy\/store\/wp-json\/wp\/v2\/product\/8935","targetHints":{"allow":["GET"]}}],"collection":[{"href":"https:\/\/gamestore.com.uy\/store\/wp-json\/wp\/v2\/product"}],"about":[{"href":"https:\/\/gamestore.com.uy\/store\/wp-json\/wp\/v2\/types\/product"}],"version-history":[{"count":1,"href":"https:\/\/gamestore.com.uy\/store\/wp-json\/wp\/v2\/product\/8935\/revisions"}],"predecessor-version":[{"id":8941,"href":"https:\/\/gamestore.com.uy\/store\/wp-json\/wp\/v2\/product\/8935\/revisions\/8941"}],"wp:featuredmedia":[{"embeddable":true,"href":"https:\/\/gamestore.com.uy\/store\/wp-json\/wp\/v2\/media\/8938"}],"wp:attachment":[{"href":"https:\/\/gamestore.com.uy\/store\/wp-json\/wp\/v2\/media?parent=8935"}],"wp:term":[{"taxonomy":"pwb-brand","embeddable":true,"href":"https:\/\/gamestore.com.uy\/store\/wp-json\/wp\/v2\/pwb-brand?post=8935"},{"taxonomy":"product_brand","embeddable":true,"href":"https:\/\/gamestore.com.uy\/store\/wp-json\/wp\/v2\/product_brand?post=8935"},{"taxonomy":"product_cat","embeddable":true,"href":"https:\/\/gamestore.com.uy\/store\/wp-json\/wp\/v2\/product_cat?post=8935"},{"taxonomy":"product_tag","embeddable":true,"href":"https:\/\/gamestore.com.uy\/store\/wp-json\/wp\/v2\/product_tag?post=8935"}],"curies":[{"name":"wp","href":"https:\/\/api.w.org\/{rel}","templated":true}]}}