{"id":9140,"date":"2021-08-24T19:25:22","date_gmt":"2021-08-24T22:25:22","guid":{"rendered":"https:\/\/gamestore.com.uy\/store\/?post_type=product&#038;p=9140"},"modified":"2025-10-22T11:38:38","modified_gmt":"2025-10-22T14:38:38","slug":"microfono-bluetooth-inalambrico-parlante-karaoke","status":"publish","type":"product","link":"https:\/\/gamestore.com.uy\/store\/producto\/microfono-bluetooth-inalambrico-parlante-karaoke\/","title":{"rendered":"Micr\u00f3fono Bluetooth Inal\u00e1mbrico Parlante Karaoke"},"content":{"rendered":"<p>MICR\u00d3FONO KARAOKE BLUETOOTH USB MICROSD FM WS-858<\/p>\n<p>Especificaciones:<br \/>\n-Potencia de salida: 5 W<br \/>\n-Rango de frecuencia: 100 Hz ~ 10khz Max<br \/>\n-nivel de presi\u00f3n de sonido: &gt; 115dB 1 kHz tdh &lt; 1% modo de reverberaci\u00f3n: efecto de sonido reverberaci\u00f3n<br \/>\n-fuente de alimentaci\u00f3n: bater\u00eda de 18650 li-battery incorporada<br \/>\n-capacidad: 1800 mAh<br \/>\n-Potencia de carga: DC 5 V<br \/>\n-Tama\u00f1o: 20 x 7 x 7 cm<\/p>\n","protected":false},"excerpt":{"rendered":"<p>Micr\u00f3fono Parlante inal\u00e1mbrico Bluetooth ideal Karaoke<\/p>\n<p>Varios Colores Negro, Rosado, Dorado, Rosa Golf, Celeste<\/p>\n<p>&nbsp;<\/p>\n<p>&nbsp;<\/p>\n","protected":false},"featured_media":9141,"template":"","meta":[],"pwb-brand":[],"product_brand":[],"product_cat":[247,245,246,130],"product_tag":[251,450,451,446,449],"class_list":{"0":"post-9140","1":"product","2":"type-product","3":"status-publish","4":"has-post-thumbnail","6":"product_cat-audio-hogar","7":"product_cat-audio-video","8":"product_cat-hogar","9":"product_cat-informatica","10":"product_tag-bluetooth","11":"product_tag-inalambrico","12":"product_tag-karaoke","13":"product_tag-microfono","14":"product_tag-parlante","16":"first","17":"instock","18":"shipping-taxable","19":"purchasable","20":"product-type-simple"},"brands":[],"_links":{"self":[{"href":"https:\/\/gamestore.com.uy\/store\/wp-json\/wp\/v2\/product\/9140","targetHints":{"allow":["GET"]}}],"collection":[{"href":"https:\/\/gamestore.com.uy\/store\/wp-json\/wp\/v2\/product"}],"about":[{"href":"https:\/\/gamestore.com.uy\/store\/wp-json\/wp\/v2\/types\/product"}],"version-history":[{"count":1,"href":"https:\/\/gamestore.com.uy\/store\/wp-json\/wp\/v2\/product\/9140\/revisions"}],"predecessor-version":[{"id":9142,"href":"https:\/\/gamestore.com.uy\/store\/wp-json\/wp\/v2\/product\/9140\/revisions\/9142"}],"wp:featuredmedia":[{"embeddable":true,"href":"https:\/\/gamestore.com.uy\/store\/wp-json\/wp\/v2\/media\/9141"}],"wp:attachment":[{"href":"https:\/\/gamestore.com.uy\/store\/wp-json\/wp\/v2\/media?parent=9140"}],"wp:term":[{"taxonomy":"pwb-brand","embeddable":true,"href":"https:\/\/gamestore.com.uy\/store\/wp-json\/wp\/v2\/pwb-brand?post=9140"},{"taxonomy":"product_brand","embeddable":true,"href":"https:\/\/gamestore.com.uy\/store\/wp-json\/wp\/v2\/product_brand?post=9140"},{"taxonomy":"product_cat","embeddable":true,"href":"https:\/\/gamestore.com.uy\/store\/wp-json\/wp\/v2\/product_cat?post=9140"},{"taxonomy":"product_tag","embeddable":true,"href":"https:\/\/gamestore.com.uy\/store\/wp-json\/wp\/v2\/product_tag?post=9140"}],"curies":[{"name":"wp","href":"https:\/\/api.w.org\/{rel}","templated":true}]}}