{"id":9449,"date":"2021-08-26T15:24:09","date_gmt":"2021-08-26T18:24:09","guid":{"rendered":"https:\/\/gamestore.com.uy\/store\/?post_type=product&#038;p=9449"},"modified":"2022-09-15T15:39:52","modified_gmt":"2022-09-15T18:39:52","slug":"tren-de-arrastre-con-vagones-y-numeros-primera-infancia","status":"publish","type":"product","link":"https:\/\/gamestore.com.uy\/store\/producto\/tren-de-arrastre-con-vagones-y-numeros-primera-infancia\/","title":{"rendered":"Tren de Arrastre Con Vagones y N\u00fameros Primera Infancia"},"content":{"rendered":"<h3>Descripci\u00f3n<\/h3>\n<div id=\"productDescription_fullView\">\n<div class=\"a-section a-spacing-large text-direction-override\" dir=\"auto\">\n<p style=\"padding-left: 40px;text-align: left\">La parte delantera del tren est\u00e1 equipada con una cuerda, que se puede deslizar libremente.\u00a0La flexibilidad de los dedos del ni\u00f1o.\u00a02.Entrene la capacidad de agarre de la mano del ni\u00f1o a trav\u00e9s de la forma digital.\u00a0Estabilidad operativa del m\u00fasculo. Deje que el tren se mueva para cumplir con el instinto de control del ni\u00f1o y desarrolle una peque\u00f1a sensaci\u00f3n de logro. Cultive la percepci\u00f3n del color, reconozca las diferentes formas de los n\u00fameros. Apariencia del edificio de ensue\u00f1o, dise\u00f1o lindo del tren, modelado de colores variados, entrenamiento de coordinaci\u00f3n mano-ojo. .<\/p>\n<\/div>\n<\/div>\n","protected":false},"excerpt":{"rendered":"<p>Descripci\u00f3n La parte delantera del tren est\u00e1 equipada con una cuerda, que se puede deslizar libremente.\u00a0La flexibilidad de los dedos del ni\u00f1o.\u00a02.Entrene la capacidad de agarre de la mano del ni\u00f1o a trav\u00e9s de la forma digital.\u00a0Estabilidad operativa del m\u00fasculo. Deje que el tren se mueva para cumplir con el instinto de control del ni\u00f1o [&hellip;]<\/p>\n","protected":false},"featured_media":9450,"template":"","meta":[],"pwb-brand":[],"product_brand":[],"product_cat":[174,131,134],"product_tag":[],"class_list":{"0":"post-9449","1":"product","2":"type-product","3":"status-publish","4":"has-post-thumbnail","6":"product_cat-didacticos","7":"product_cat-juguetes","8":"product_cat-juguetesbb","10":"first","11":"instock","12":"shipping-taxable","13":"purchasable","14":"product-type-simple"},"brands":[],"_links":{"self":[{"href":"https:\/\/gamestore.com.uy\/store\/wp-json\/wp\/v2\/product\/9449","targetHints":{"allow":["GET"]}}],"collection":[{"href":"https:\/\/gamestore.com.uy\/store\/wp-json\/wp\/v2\/product"}],"about":[{"href":"https:\/\/gamestore.com.uy\/store\/wp-json\/wp\/v2\/types\/product"}],"version-history":[{"count":2,"href":"https:\/\/gamestore.com.uy\/store\/wp-json\/wp\/v2\/product\/9449\/revisions"}],"predecessor-version":[{"id":15274,"href":"https:\/\/gamestore.com.uy\/store\/wp-json\/wp\/v2\/product\/9449\/revisions\/15274"}],"wp:featuredmedia":[{"embeddable":true,"href":"https:\/\/gamestore.com.uy\/store\/wp-json\/wp\/v2\/media\/9450"}],"wp:attachment":[{"href":"https:\/\/gamestore.com.uy\/store\/wp-json\/wp\/v2\/media?parent=9449"}],"wp:term":[{"taxonomy":"pwb-brand","embeddable":true,"href":"https:\/\/gamestore.com.uy\/store\/wp-json\/wp\/v2\/pwb-brand?post=9449"},{"taxonomy":"product_brand","embeddable":true,"href":"https:\/\/gamestore.com.uy\/store\/wp-json\/wp\/v2\/product_brand?post=9449"},{"taxonomy":"product_cat","embeddable":true,"href":"https:\/\/gamestore.com.uy\/store\/wp-json\/wp\/v2\/product_cat?post=9449"},{"taxonomy":"product_tag","embeddable":true,"href":"https:\/\/gamestore.com.uy\/store\/wp-json\/wp\/v2\/product_tag?post=9449"}],"curies":[{"name":"wp","href":"https:\/\/api.w.org\/{rel}","templated":true}]}}